{"id":475,"date":"2024-12-17T11:51:39","date_gmt":"2024-12-17T11:51:39","guid":{"rendered":"https:\/\/edelmetallshop-fulda.de\/?page_id=475"},"modified":"2025-11-12T15:26:54","modified_gmt":"2025-11-12T15:26:54","slug":"impressum","status":"publish","type":"page","link":"https:\/\/edelmetallshop-fulda.de\/index.php\/impressum\/","title":{"rendered":"Impressum"},"content":{"rendered":"\t\t<div data-elementor-type=\"wp-page\" data-elementor-id=\"475\" class=\"elementor elementor-475\" data-elementor-post-type=\"page\">\n\t\t\t\t\t\t<section class=\"elementor-section elementor-top-section elementor-element elementor-element-1da0e571 elementor-section-boxed elementor-section-height-default elementor-section-height-default\" data-id=\"1da0e571\" data-element_type=\"section\" data-e-type=\"section\">\n\t\t\t\t\t\t<div class=\"elementor-container elementor-column-gap-default\">\n\t\t\t\t\t<div class=\"elementor-column elementor-col-100 elementor-top-column elementor-element elementor-element-5eb2a144\" data-id=\"5eb2a144\" data-element_type=\"column\" data-e-type=\"column\">\n\t\t\t<div class=\"elementor-widget-wrap elementor-element-populated\">\n\t\t\t\t\t\t<div class=\"elementor-element elementor-element-457c4af3 elementor-widget elementor-widget-text-editor\" data-id=\"457c4af3\" data-element_type=\"widget\" data-e-type=\"widget\" data-widget_type=\"text-editor.default\">\n\t\t\t\t<div class=\"elementor-widget-container\">\n\t\t\t\t\t\t\t\t\t<h1>Impressum<\/h1>\n\n<p>Metallorum Edelmetallhandels GmbH<br \/>\nAn der Windm&uuml;hle 6<br \/>\n97294 Unterpleichfeld<\/p>\n\n<p>Handelsregister: HRB 13597<br \/>\nRegistergericht: W&uuml;rzburg<\/p>\n\n<p><strong>Vertreten durch:<\/strong><br \/>\nTino Leukhardt, Markus Fackelmann<\/p>\n\n<h2>Kontakt<\/h2>\n<p>Telefon: 0661 94529481<br \/>\nE-Mail: info@edelmetallshop-fulda.de<\/p>\n\n<h2>Postadresse<\/h2>\n<p>Adresse unseres Standortes in Fulda: <br \/>\nGem&uuml;semarkt 11, <br \/>\n36037 Fulda<\/p>\n<h2>Umsatzsteuer-ID<\/h2>\n<p>Umsatzsteuer-Identifikationsnummer gem&auml;&szlig; &sect; 27 a Umsatzsteuergesetz:<br \/>\nDE 310 772 336<\/p>\n\n<h2>Verbraucher&shy;streit&shy;beilegung\/Universal&shy;schlichtungs&shy;stelle<\/h2>\n<p>Wir sind nicht bereit oder verpflichtet, an Streitbeilegungsverfahren vor einer Verbraucherschlichtungsstelle teilzunehmen.<\/p>\t\t\t\t\t\t\t\t<\/div>\n\t\t\t\t<\/div>\n\t\t\t\t\t<\/div>\n\t\t<\/div>\n\t\t\t\t\t<\/div>\n\t\t<\/section>\n\t\t<div class=\"elementor-element elementor-element-bf9a465 e-flex e-con-boxed e-con e-parent\" data-id=\"bf9a465\" data-element_type=\"container\" data-e-type=\"container\">\n\t\t\t\t\t<div class=\"e-con-inner\">\n\t\t\t\t<div class=\"elementor-element elementor-element-8bae31f elementor-widget elementor-widget-shortcode\" data-id=\"8bae31f\" data-element_type=\"widget\" data-e-type=\"widget\" data-widget_type=\"shortcode.default\">\n\t\t\t\t<div class=\"elementor-widget-container\">\n\t\t\t\t\t\t\t<div class=\"elementor-shortcode\">\n \n     \n    \n        <h2>Design und technische Umsetzung<\/h2>\n        <p>\n            Leadpeak GmbH<br>\n            vertretungsberechtigte Gesch\u00e4ftsf\u00fchrer:<br>\n            Reemt Windmann, Norma Jeising<br>\n            Magdalene Schoch Stra\u00dfe 5<br>\n            97074 W\u00fcrzburg<br>\n            Telefonnummer 0931 80 99 88 99<br>\n            Email: <a href=\"mailto:info@leadpeak.me\">info@leadpeak.me<\/a><br>\n            <a href=\"https:\/\/leadpeak.me\" target=\"_blank\">www.leadpeak.me<\/a><br>\n        <\/p>\n    \n     \n<\/div>\n\t\t\t\t\t\t<\/div>\n\t\t\t\t<\/div>\n\t\t\t\t\t<\/div>\n\t\t\t\t<\/div>\n\t\t\t\t<\/div>\n\t\t","protected":false},"excerpt":{"rendered":"<p>Impressum Metallorum Edelmetallhandels GmbH An der Windm&uuml;hle 6 97294 Unterpleichfeld Handelsregister: HRB 13597 Registergericht: W&uuml;rzburg Vertreten durch: Tino Leukhardt, Markus Fackelmann Kontakt Telefon: 0661 94529481 E-Mail: info@edelmetallshop-fulda.de Postadresse Adresse unseres Standortes in Fulda: Gem&uuml;semarkt 11, 36037 Fulda Umsatzsteuer-ID Umsatzsteuer-Identifikationsnummer gem&auml;&szlig; &sect; 27 a Umsatzsteuergesetz: DE 310 772 336 Verbraucher&shy;streit&shy;beilegung\/Universal&shy;schlichtungs&shy;stelle Wir sind nicht bereit oder verpflichtet, [&hellip;]<\/p>\n","protected":false},"author":2,"featured_media":0,"parent":0,"menu_order":0,"comment_status":"closed","ping_status":"closed","template":"","meta":{"_seopress_robots_primary_cat":"","_seopress_titles_title":"Edelmetallhandel W\u00fcrzburg - Metallorum Shop entdecken","_seopress_titles_desc":"Entdecken Sie hochwertige Edelmetalle bei Metallorum Edelmetallhandels GmbH in W\u00fcrzburg. Ihr vertrauensw\u00fcrdiger Partner f\u00fcr Gold, Silber und mehr.","_seopress_robots_index":"","footnotes":""},"class_list":["post-475","page","type-page","status-publish","hentry"],"_links":{"self":[{"href":"https:\/\/edelmetallshop-fulda.de\/index.php\/wp-json\/wp\/v2\/pages\/475","targetHints":{"allow":["GET"]}}],"collection":[{"href":"https:\/\/edelmetallshop-fulda.de\/index.php\/wp-json\/wp\/v2\/pages"}],"about":[{"href":"https:\/\/edelmetallshop-fulda.de\/index.php\/wp-json\/wp\/v2\/types\/page"}],"author":[{"embeddable":true,"href":"https:\/\/edelmetallshop-fulda.de\/index.php\/wp-json\/wp\/v2\/users\/2"}],"replies":[{"embeddable":true,"href":"https:\/\/edelmetallshop-fulda.de\/index.php\/wp-json\/wp\/v2\/comments?post=475"}],"version-history":[{"count":21,"href":"https:\/\/edelmetallshop-fulda.de\/index.php\/wp-json\/wp\/v2\/pages\/475\/revisions"}],"predecessor-version":[{"id":1118,"href":"https:\/\/edelmetallshop-fulda.de\/index.php\/wp-json\/wp\/v2\/pages\/475\/revisions\/1118"}],"wp:attachment":[{"href":"https:\/\/edelmetallshop-fulda.de\/index.php\/wp-json\/wp\/v2\/media?parent=475"}],"curies":[{"name":"wp","href":"https:\/\/api.w.org\/{rel}","templated":true}]}}